{"id":3523,"date":"2025-06-25T14:49:51","date_gmt":"2025-06-25T18:49:51","guid":{"rendered":"https:\/\/haciendajuanitapuertorico.com\/?post_type=product&#038;p=3523"},"modified":"2025-07-29T15:05:18","modified_gmt":"2025-07-29T19:05:18","slug":"cafe-artesanal-hacienda-juanita-maricao","status":"publish","type":"product","link":"https:\/\/haciendajuanitapuertorico.com\/en\/product\/cafe-artesanal-hacienda-juanita-maricao\/","title":{"rendered":"Caf\u00e9 Artesanal Molido Hacienda Juanita Maricao"},"content":{"rendered":"<p>La tradici\u00f3n de nuestro caf\u00e9 se remonta a 1834, cuando Do\u00f1a Juanita Nadal, junto con su esposo, comenz\u00f3 a cultivar caf\u00e9 y fund\u00f3 Hacienda Juanita. Con trabajo duro y esp\u00edritu visionario, fueron una de las primeras haciendas en exportar su caf\u00e9 a Europa y al mundo. Hacienda Juanita es un lugar encantador que ha resistido 184 a\u00f1os de huracanes, dificultades econ\u00f3micas y cambios sociales para alzarse hoy como un distrito cafetalero, cuyas instalaciones principales se han convertido en un Hotel Parador. Al visitar Hacienda Juanita, podr\u00e1 presenciar y formar parte del compromiso social y ecol\u00f3gico con nuestras comunidades, grupos de inter\u00e9s y paisajes cafetaleros puertorrique\u00f1os. Si\u00e9ntase como en casa, saboreando el mejor caf\u00e9 que representa la refinada tradici\u00f3n de un lugar peque\u00f1o y \u00fanico en el mundo: Hacienda Juanita en Maricao.<\/p>\n<p>Nuestro caf\u00e9 proviene de una tradici\u00f3n centenaria de manejo delicado de los cafetos y sus granos, a la vez que conservamos un microclima rico en biodiversidad. Como custodios de este legado, continuamos con las buenas pr\u00e1cticas de manejo de nuestras abejas africanizadas para polinizar las plantas de exterior e infundir su suave dulzura.<\/p>\n<p>Este producto es caf\u00e9 molido.<\/p>","protected":false},"excerpt":{"rendered":"<p>La tradici\u00f3n de nuestro caf\u00e9 se remonta a 1834, cuando Do\u00f1a Juanita Nadal, junto con su esposo, comenz\u00f3 a cultivar caf\u00e9 y fund\u00f3 Hacienda Juanita. Con trabajo duro y esp\u00edritu visionario, fueron una de las primeras haciendas en exportar su caf\u00e9 a Europa y al mundo. Hacienda Juanita es un lugar encantador que ha resistido [&hellip;]<\/p>\n","protected":false},"featured_media":3561,"template":"","meta":[],"product_brand":[44],"product_cat":[43],"product_tag":[],"class_list":{"0":"post-3523","1":"product","2":"type-product","3":"status-publish","4":"has-post-thumbnail","6":"product_brand-hacienda-juanita-maricao","7":"product_cat-cafe","8":"product_shipping_class-cafe","10":"first","11":"instock","12":"featured","13":"shipping-taxable","14":"purchasable","15":"product-type-simple"},"yoast_head":"<!-- This site is optimized with the Yoast SEO Premium plugin v22.9 (Yoast SEO v27.3) - https:\/\/yoast.com\/product\/yoast-seo-premium-wordpress\/ -->\n<title>Caf\u00e9 Artesanal Molido Hacienda Juanita Maricao - Hacienda Juanita<\/title>\n<meta name=\"robots\" content=\"index, follow, max-snippet:-1, max-image-preview:large, max-video-preview:-1\" \/>\n<link rel=\"canonical\" href=\"https:\/\/haciendajuanitapuertorico.com\/en\/product\/cafe-artesanal-hacienda-juanita-maricao\/\" \/>\n<meta property=\"og:locale\" content=\"en_US\" \/>\n<meta property=\"og:type\" content=\"article\" \/>\n<meta property=\"og:title\" content=\"Caf\u00e9 Artesanal Molido Hacienda Juanita Maricao\" \/>\n<meta property=\"og:description\" content=\"La tradici\u00f3n de nuestro caf\u00e9 se remonta a 1834, cuando Do\u00f1a Juanita Nadal, junto con su esposo, comenz\u00f3 a cultivar caf\u00e9 y fund\u00f3 Hacienda Juanita. Con trabajo duro y esp\u00edritu visionario, fueron una de las primeras haciendas en exportar su caf\u00e9 a Europa y al mundo. Hacienda Juanita es un lugar encantador que ha resistido [&hellip;]\" \/>\n<meta property=\"og:url\" content=\"https:\/\/haciendajuanitapuertorico.com\/en\/product\/cafe-artesanal-hacienda-juanita-maricao\/\" \/>\n<meta property=\"og:site_name\" content=\"Hacienda Juanita\" \/>\n<meta property=\"article:publisher\" content=\"https:\/\/www.facebook.com\/haciendajuanita\" \/>\n<meta property=\"article:modified_time\" content=\"2025-07-29T19:05:18+00:00\" \/>\n<meta property=\"og:image\" content=\"https:\/\/haciendajuanitapuertorico.com\/wp-content\/uploads\/2025\/06\/image_in_120363161960998664_g.us_3A25240BDC468C5C12A1-removebg-preview.png\" \/>\n\t<meta property=\"og:image:width\" content=\"402\" \/>\n\t<meta property=\"og:image:height\" content=\"621\" \/>\n\t<meta property=\"og:image:type\" content=\"image\/png\" \/>\n<meta name=\"twitter:card\" content=\"summary_large_image\" \/>\n<meta name=\"twitter:label1\" content=\"Est. reading time\" \/>\n\t<meta name=\"twitter:data1\" content=\"2 minutes\" \/>\n<script type=\"application\/ld+json\" class=\"yoast-schema-graph\">{\"@context\":\"https:\\\/\\\/schema.org\",\"@graph\":[{\"@type\":\"WebPage\",\"@id\":\"https:\\\/\\\/haciendajuanitapuertorico.com\\\/producto\\\/cafe-artesanal-hacienda-juanita-maricao\\\/\",\"url\":\"https:\\\/\\\/haciendajuanitapuertorico.com\\\/producto\\\/cafe-artesanal-hacienda-juanita-maricao\\\/\",\"name\":\"Caf\u00e9 Artesanal Molido Hacienda Juanita Maricao - Hacienda Juanita\",\"isPartOf\":{\"@id\":\"https:\\\/\\\/haciendajuanitapuertorico.com\\\/#website\"},\"primaryImageOfPage\":{\"@id\":\"https:\\\/\\\/haciendajuanitapuertorico.com\\\/producto\\\/cafe-artesanal-hacienda-juanita-maricao\\\/#primaryimage\"},\"image\":{\"@id\":\"https:\\\/\\\/haciendajuanitapuertorico.com\\\/producto\\\/cafe-artesanal-hacienda-juanita-maricao\\\/#primaryimage\"},\"thumbnailUrl\":\"https:\\\/\\\/haciendajuanitapuertorico.com\\\/wp-content\\\/uploads\\\/2025\\\/06\\\/image_in_120363161960998664_g.us_3A25240BDC468C5C12A1-removebg-preview.png\",\"datePublished\":\"2025-06-25T18:49:51+00:00\",\"dateModified\":\"2025-07-29T19:05:18+00:00\",\"breadcrumb\":{\"@id\":\"https:\\\/\\\/haciendajuanitapuertorico.com\\\/producto\\\/cafe-artesanal-hacienda-juanita-maricao\\\/#breadcrumb\"},\"inLanguage\":\"en-US\",\"potentialAction\":[{\"@type\":\"ReadAction\",\"target\":[\"https:\\\/\\\/haciendajuanitapuertorico.com\\\/producto\\\/cafe-artesanal-hacienda-juanita-maricao\\\/\"]}]},{\"@type\":\"ImageObject\",\"inLanguage\":\"en-US\",\"@id\":\"https:\\\/\\\/haciendajuanitapuertorico.com\\\/producto\\\/cafe-artesanal-hacienda-juanita-maricao\\\/#primaryimage\",\"url\":\"https:\\\/\\\/haciendajuanitapuertorico.com\\\/wp-content\\\/uploads\\\/2025\\\/06\\\/image_in_120363161960998664_g.us_3A25240BDC468C5C12A1-removebg-preview.png\",\"contentUrl\":\"https:\\\/\\\/haciendajuanitapuertorico.com\\\/wp-content\\\/uploads\\\/2025\\\/06\\\/image_in_120363161960998664_g.us_3A25240BDC468C5C12A1-removebg-preview.png\",\"width\":402,\"height\":621},{\"@type\":\"BreadcrumbList\",\"@id\":\"https:\\\/\\\/haciendajuanitapuertorico.com\\\/producto\\\/cafe-artesanal-hacienda-juanita-maricao\\\/#breadcrumb\",\"itemListElement\":[{\"@type\":\"ListItem\",\"position\":1,\"name\":\"Portada\",\"item\":\"https:\\\/\\\/haciendajuanitapuertorico.com\\\/\"},{\"@type\":\"ListItem\",\"position\":2,\"name\":\"Nuestra Tienda\",\"item\":\"https:\\\/\\\/haciendajuanitapuertorico.com\\\/nuestra-tienda\\\/\"},{\"@type\":\"ListItem\",\"position\":3,\"name\":\"Caf\u00e9 Artesanal Molido Hacienda Juanita Maricao\"}]},{\"@type\":\"WebSite\",\"@id\":\"https:\\\/\\\/haciendajuanitapuertorico.com\\\/#website\",\"url\":\"https:\\\/\\\/haciendajuanitapuertorico.com\\\/\",\"name\":\"Hacienda Juanita\",\"description\":\"\",\"publisher\":{\"@id\":\"https:\\\/\\\/haciendajuanitapuertorico.com\\\/#organization\"},\"potentialAction\":[{\"@type\":\"SearchAction\",\"target\":{\"@type\":\"EntryPoint\",\"urlTemplate\":\"https:\\\/\\\/haciendajuanitapuertorico.com\\\/?s={search_term_string}\"},\"query-input\":{\"@type\":\"PropertyValueSpecification\",\"valueRequired\":true,\"valueName\":\"search_term_string\"}}],\"inLanguage\":\"en-US\"},{\"@type\":\"Organization\",\"@id\":\"https:\\\/\\\/haciendajuanitapuertorico.com\\\/#organization\",\"name\":\"Hacienda Juanita\",\"url\":\"https:\\\/\\\/haciendajuanitapuertorico.com\\\/\",\"logo\":{\"@type\":\"ImageObject\",\"inLanguage\":\"en-US\",\"@id\":\"https:\\\/\\\/haciendajuanitapuertorico.com\\\/#\\\/schema\\\/logo\\\/image\\\/\",\"url\":\"https:\\\/\\\/haciendajuanitapuertorico.com\\\/wp-content\\\/uploads\\\/2025\\\/06\\\/cropped-Logo_Hacienda_Juanita-removebg-1-scaled-1.png\",\"contentUrl\":\"https:\\\/\\\/haciendajuanitapuertorico.com\\\/wp-content\\\/uploads\\\/2025\\\/06\\\/cropped-Logo_Hacienda_Juanita-removebg-1-scaled-1.png\",\"width\":512,\"height\":512,\"caption\":\"Hacienda Juanita\"},\"image\":{\"@id\":\"https:\\\/\\\/haciendajuanitapuertorico.com\\\/#\\\/schema\\\/logo\\\/image\\\/\"},\"sameAs\":[\"https:\\\/\\\/www.facebook.com\\\/haciendajuanita\",\"https:\\\/\\\/www.instagram.com\\\/haciendajuanita\\\/\"]}]}<\/script>\n<!-- \/ Yoast SEO Premium plugin. -->","yoast_head_json":{"title":"Caf\u00e9 Artesanal Molido Hacienda Juanita Maricao - Hacienda Juanita","robots":{"index":"index","follow":"follow","max-snippet":"max-snippet:-1","max-image-preview":"max-image-preview:large","max-video-preview":"max-video-preview:-1"},"canonical":"https:\/\/haciendajuanitapuertorico.com\/en\/product\/cafe-artesanal-hacienda-juanita-maricao\/","og_locale":"en_US","og_type":"article","og_title":"Caf\u00e9 Artesanal Molido Hacienda Juanita Maricao","og_description":"La tradici\u00f3n de nuestro caf\u00e9 se remonta a 1834, cuando Do\u00f1a Juanita Nadal, junto con su esposo, comenz\u00f3 a cultivar caf\u00e9 y fund\u00f3 Hacienda Juanita. Con trabajo duro y esp\u00edritu visionario, fueron una de las primeras haciendas en exportar su caf\u00e9 a Europa y al mundo. Hacienda Juanita es un lugar encantador que ha resistido [&hellip;]","og_url":"https:\/\/haciendajuanitapuertorico.com\/en\/product\/cafe-artesanal-hacienda-juanita-maricao\/","og_site_name":"Hacienda Juanita","article_publisher":"https:\/\/www.facebook.com\/haciendajuanita","article_modified_time":"2025-07-29T19:05:18+00:00","og_image":[{"width":402,"height":621,"url":"https:\/\/haciendajuanitapuertorico.com\/wp-content\/uploads\/2025\/06\/image_in_120363161960998664_g.us_3A25240BDC468C5C12A1-removebg-preview.png","type":"image\/png"}],"twitter_card":"summary_large_image","twitter_misc":{"Est. reading time":"2 minutes"},"schema":{"@context":"https:\/\/schema.org","@graph":[{"@type":"WebPage","@id":"https:\/\/haciendajuanitapuertorico.com\/producto\/cafe-artesanal-hacienda-juanita-maricao\/","url":"https:\/\/haciendajuanitapuertorico.com\/producto\/cafe-artesanal-hacienda-juanita-maricao\/","name":"Caf\u00e9 Artesanal Molido Hacienda Juanita Maricao - Hacienda Juanita","isPartOf":{"@id":"https:\/\/haciendajuanitapuertorico.com\/#website"},"primaryImageOfPage":{"@id":"https:\/\/haciendajuanitapuertorico.com\/producto\/cafe-artesanal-hacienda-juanita-maricao\/#primaryimage"},"image":{"@id":"https:\/\/haciendajuanitapuertorico.com\/producto\/cafe-artesanal-hacienda-juanita-maricao\/#primaryimage"},"thumbnailUrl":"https:\/\/haciendajuanitapuertorico.com\/wp-content\/uploads\/2025\/06\/image_in_120363161960998664_g.us_3A25240BDC468C5C12A1-removebg-preview.png","datePublished":"2025-06-25T18:49:51+00:00","dateModified":"2025-07-29T19:05:18+00:00","breadcrumb":{"@id":"https:\/\/haciendajuanitapuertorico.com\/producto\/cafe-artesanal-hacienda-juanita-maricao\/#breadcrumb"},"inLanguage":"en-US","potentialAction":[{"@type":"ReadAction","target":["https:\/\/haciendajuanitapuertorico.com\/producto\/cafe-artesanal-hacienda-juanita-maricao\/"]}]},{"@type":"ImageObject","inLanguage":"en-US","@id":"https:\/\/haciendajuanitapuertorico.com\/producto\/cafe-artesanal-hacienda-juanita-maricao\/#primaryimage","url":"https:\/\/haciendajuanitapuertorico.com\/wp-content\/uploads\/2025\/06\/image_in_120363161960998664_g.us_3A25240BDC468C5C12A1-removebg-preview.png","contentUrl":"https:\/\/haciendajuanitapuertorico.com\/wp-content\/uploads\/2025\/06\/image_in_120363161960998664_g.us_3A25240BDC468C5C12A1-removebg-preview.png","width":402,"height":621},{"@type":"BreadcrumbList","@id":"https:\/\/haciendajuanitapuertorico.com\/producto\/cafe-artesanal-hacienda-juanita-maricao\/#breadcrumb","itemListElement":[{"@type":"ListItem","position":1,"name":"Portada","item":"https:\/\/haciendajuanitapuertorico.com\/"},{"@type":"ListItem","position":2,"name":"Nuestra Tienda","item":"https:\/\/haciendajuanitapuertorico.com\/nuestra-tienda\/"},{"@type":"ListItem","position":3,"name":"Caf\u00e9 Artesanal Molido Hacienda Juanita Maricao"}]},{"@type":"WebSite","@id":"https:\/\/haciendajuanitapuertorico.com\/#website","url":"https:\/\/haciendajuanitapuertorico.com\/","name":"Hacienda Juanita","description":"","publisher":{"@id":"https:\/\/haciendajuanitapuertorico.com\/#organization"},"potentialAction":[{"@type":"SearchAction","target":{"@type":"EntryPoint","urlTemplate":"https:\/\/haciendajuanitapuertorico.com\/?s={search_term_string}"},"query-input":{"@type":"PropertyValueSpecification","valueRequired":true,"valueName":"search_term_string"}}],"inLanguage":"en-US"},{"@type":"Organization","@id":"https:\/\/haciendajuanitapuertorico.com\/#organization","name":"Hacienda Juanita","url":"https:\/\/haciendajuanitapuertorico.com\/","logo":{"@type":"ImageObject","inLanguage":"en-US","@id":"https:\/\/haciendajuanitapuertorico.com\/#\/schema\/logo\/image\/","url":"https:\/\/haciendajuanitapuertorico.com\/wp-content\/uploads\/2025\/06\/cropped-Logo_Hacienda_Juanita-removebg-1-scaled-1.png","contentUrl":"https:\/\/haciendajuanitapuertorico.com\/wp-content\/uploads\/2025\/06\/cropped-Logo_Hacienda_Juanita-removebg-1-scaled-1.png","width":512,"height":512,"caption":"Hacienda Juanita"},"image":{"@id":"https:\/\/haciendajuanitapuertorico.com\/#\/schema\/logo\/image\/"},"sameAs":["https:\/\/www.facebook.com\/haciendajuanita","https:\/\/www.instagram.com\/haciendajuanita\/"]}]}},"_links":{"self":[{"href":"https:\/\/haciendajuanitapuertorico.com\/en\/wp-json\/wp\/v2\/product\/3523","targetHints":{"allow":["GET"]}}],"collection":[{"href":"https:\/\/haciendajuanitapuertorico.com\/en\/wp-json\/wp\/v2\/product"}],"about":[{"href":"https:\/\/haciendajuanitapuertorico.com\/en\/wp-json\/wp\/v2\/types\/product"}],"wp:featuredmedia":[{"embeddable":true,"href":"https:\/\/haciendajuanitapuertorico.com\/en\/wp-json\/wp\/v2\/media\/3561"}],"wp:attachment":[{"href":"https:\/\/haciendajuanitapuertorico.com\/en\/wp-json\/wp\/v2\/media?parent=3523"}],"wp:term":[{"taxonomy":"product_brand","embeddable":true,"href":"https:\/\/haciendajuanitapuertorico.com\/en\/wp-json\/wp\/v2\/product_brand?post=3523"},{"taxonomy":"product_cat","embeddable":true,"href":"https:\/\/haciendajuanitapuertorico.com\/en\/wp-json\/wp\/v2\/product_cat?post=3523"},{"taxonomy":"product_tag","embeddable":true,"href":"https:\/\/haciendajuanitapuertorico.com\/en\/wp-json\/wp\/v2\/product_tag?post=3523"}],"curies":[{"name":"wp","href":"https:\/\/api.w.org\/{rel}","templated":true}]}}