{"id":2972,"date":"2019-05-25T06:42:19","date_gmt":"2019-05-25T06:42:19","guid":{"rendered":"http:\/\/sailing.thimpress.com\/elementor06\/?page_id=2972"},"modified":"2025-06-06T16:29:19","modified_gmt":"2025-06-06T20:29:19","slug":"reservacion","status":"publish","type":"page","link":"https:\/\/haciendajuanitapuertorico.com\/en\/reservacion\/","title":{"rendered":"Book Now"},"content":{"rendered":"<div data-elementor-type=\"wp-post\" data-elementor-id=\"2972\" class=\"elementor elementor-2972\">\n\t\t\t\t\t\t<section class=\"elementor-section elementor-top-section elementor-element elementor-element-41b8f69 elementor-section-boxed elementor-section-height-default elementor-section-height-default\" data-id=\"41b8f69\" data-element_type=\"section\" data-e-type=\"section\">\n\t\t\t\t\t\t<div class=\"elementor-container elementor-column-gap-default\">\n\t\t\t\t\t<div class=\"elementor-column elementor-col-100 elementor-top-column elementor-element elementor-element-f961f66\" data-id=\"f961f66\" data-element_type=\"column\" data-e-type=\"column\">\n\t\t\t<div class=\"elementor-widget-wrap elementor-element-populated\">\n\t\t\t\t\t\t<div class=\"elementor-element elementor-element-3a05f70 elementor-widget thim-widget-heading\" data-id=\"3a05f70\" data-element_type=\"widget\" data-e-type=\"widget\" data-widget_type=\"thim-heading.default\">\n\t\t\t\t<div class=\"elementor-widget-container\">\n\t\t\t\t\t<div class=\"sc-heading article_heading wrapper-line-heading\"><h3 class=\"heading__primary\">Check Availability<\/h3><span class=\"line-heading\"><\/span><\/div>\t\t\t\t<\/div>\n\t\t\t\t<\/div>\n\t\t\t\t<div class=\"elementor-element elementor-element-8cc13ac elementor-widget elementor-widget-thim-search-room\" data-id=\"8cc13ac\" data-element_type=\"widget\" data-e-type=\"widget\" data-widget_type=\"thim-search-room.default\">\n\t\t\t\t<div class=\"elementor-widget-container\">\n\t\t\t\t\t<div class=\"widget-content\" style=\"position: relative;\"><div class=\"background\" style=\"position: absolute; top: 0; right: 0; bottom: 0; left: 0;\"><\/div><div class=\"content\" style=\"position: relative;\">\n<div id=\"hotel-booking-search-69d737cb00249\" class=\"hotel-booking-search\">\n\t\t<form  name=\"hb-search-form\"\n\t\t\t\t\t\t\t\t\t\t\t\t\t\t\t\t\t\t\t\t\taction=\"https:\/\/haciendajuanitapuertorico.com\/en\/?page_id=2327\"\n\t\t\t\t\t\t\t\t\t\t\t\t\t\t\t\t\t\t\t\t\tclass=\"hb-search-form-69d737caf421e layout-multidate\" data-trp-original-action=\"https:\/\/haciendajuanitapuertorico.com\/en\/?page_id=2327\">\n\t\t<ul class=\"hb-form-table\">\n\t\t\t\t\t\t\t<li class=\"hb-form-field hb-form-check-in-check-out\">\n\t\t\t\t\t<input type=\"text\" name=\"check_in_out_range\" value=\"2026\/04\/09\"\n\t\t\t\t\t\t   readonly style=\"visibility: hidden\"\/>\n\t\t\t\t\t<div class=\"label\">Check-in, Check-out\t\t\t\t\t\t<span>*<\/span><\/div>\n\t\t\t\t\t<div class=\"hb-form-field-input hb_input_field\">\n\t\t\t\t\t\t<input type=\"text\" name=\"check_in_date\" id=\"check_in_date_69d737caf421e\"\n\t\t\t\t\t\t\t   class=\"check-date\" value=\"2026\/04\/09\" readonly>\n\t\t\t\t\t<\/div>\n\t\t\t\t\t<div class=\"hb-form-field-input hb_input_field\">\n\t\t\t\t\t\t<input type=\"text\" name=\"check_out_date\" id=\"check_out_date_69d737caf421e\"\n\t\t\t\t\t\t\t   class=\"check-date\" value=\"2026\/04\/10\" readonly>\n\t\t\t\t\t<\/div>\n\t\t\t\t<\/li>\n\t\t\t\t\t<\/ul>\n\t\t<input type=\"hidden\" id=\"nonce\" name=\"nonce\" value=\"8a5391500e\" \/><input type=\"hidden\" name=\"_wp_http_referer\" value=\"\/en\/wp-json\/wp\/v2\/pages\/2972\" \/>\t\t<input type=\"hidden\" name=\"hotel-booking\" value=\"results\"\/>\n\t\t<input type=\"hidden\" name=\"widget-search\"\n\t\t\t   value=\"1\"\/>\n\t\t<input type=\"hidden\" name=\"action\" value=\"hotel_booking_parse_search_params\"\/>\n\t\t<input type=\"hidden\" name=\"paged\" value=\"1\"\/>\n\t\t<p class=\"hb-submit\">\n\t\t\t<button type=\"submit\" class=\"wphb-button\">Check Availability<\/button>\n\t\t<\/p>\n\t<input type=\"hidden\" name=\"trp-form-language\" value=\"en\"\/><\/form>\n\t<\/div><\/div><\/div>\t\t\t\t<\/div>\n\t\t\t\t<\/div>\n\t\t\t\t\t<\/div>\n\t\t<\/div>\n\t\t\t\t\t<\/div>\n\t\t<\/section>\n\t\t\t\t<section class=\"elementor-section elementor-top-section elementor-element elementor-element-96b6827 elementor-section-full_width elementor-section-height-default elementor-section-height-default\" data-id=\"96b6827\" data-element_type=\"section\" data-e-type=\"section\">\n\t\t\t\t\t\t<div class=\"elementor-container elementor-column-gap-default\">\n\t\t\t\t\t<div class=\"elementor-column elementor-col-100 elementor-top-column elementor-element elementor-element-e202e76\" data-id=\"e202e76\" data-element_type=\"column\" data-e-type=\"column\">\n\t\t\t<div class=\"elementor-widget-wrap elementor-element-populated\">\n\t\t\t\t\t\t<div class=\"elementor-element elementor-element-801616e elementor-widget elementor-widget-html\" data-id=\"801616e\" data-element_type=\"widget\" data-e-type=\"widget\" data-widget_type=\"html.default\">\n\t\t\t\t<div class=\"elementor-widget-container\">\n\t\t\t\t\t<h3 class=\"widget-title\">Important Information<\/h3>\r\n<div class=\"thim-contact-support\">\r\n\t<div class=\"contact-text\">Check-In<\/div><br>\r\n\t<div class=\"contact-value\">From 3:00 pm to 5:00 pm. Guests are required to show a photo ID and credit card upon check-in. You must inform the property in advance what time you expect to arrive.<\/div>\r\n<\/div>\r\n<div class=\"thim-contact-support\">\r\n\t<div class=\"contact-text\">Check-Out<\/div><br>\r\n\t<div class=\"contact-value\">From 8:00 am to 12:00 pm.<\/div>\r\n<\/div>\r\n<div class=\"thim-contact-support\">\r\n\t<div class=\"contact-text\">Cancellation \/ Prepayment<\/div><br>\r\n\t<div class=\"contact-value\">Cancellation and prepayment policies vary depending on the accommodation type. Enter the dates of your stay and check the conditions of the option you wish to book.<\/div>\r\n<\/div>\r\n<div class=\"thim-contact-support\">\r\n\t<div class=\"contact-text\">Refundable damage deposit<\/div><br>\r\n\t<div class=\"contact-value\">A damage deposit of $150 USD is required upon arrival. This deposit will be collected by credit card and reimbursed upon check-out. Your deposit will be refunded in full via credit card, subject to an inspection of the property.<\/div>\r\n<\/div>\r\n<div class=\"thim-contact-support\">\r\n\t<div class=\"contact-text\">Children's beds<\/div><br>\r\n\t<div class=\"contact-value\">Children of any age are welcome. Children 12 and older pay as adults at this property. To see correct pricing and occupancy information, please add the number of children you're traveling with and their ages to your search. This property does not offer cribs or extra beds.<\/div>\r\n<\/div>\r\n<div class=\"thim-contact-support\">\r\n\t<div class=\"contact-text\">Age restriction<\/div><br>\r\n\t<div class=\"contact-value\">Minimum check-in age: 18<\/div>\r\n<\/div>\r\n<div class=\"thim-contact-support\">\r\n\t<div class=\"contact-text\">Pets<\/div><br>\r\n\t<div class=\"contact-value\">Pets are allowed upon request. Charges may apply.<\/div>\r\n<\/div>\r\n<\/div>\t\t\t\t<\/div>\n\t\t\t\t<\/div>\n\t\t\t\t\t<\/div>\n\t\t<\/div>\n\t\t\t\t\t<\/div>\n\t\t<\/section>\n\t\t\t\t<\/div>","protected":false},"excerpt":{"rendered":"<p>Buscar Disponibilidad Informaci\u00f3n Importante Entrada Desde las 3:00 pm hasta las 5:00 pm. Los clientes deben mostrar un documento de identidad con fotograf\u00eda y una tarjeta de cr\u00e9dito en el momento de hacer el check-in. Tienes que decirle al alojamiento con antelaci\u00f3n a qu\u00e9 hora vas a llegar. Salida Desde las 8:00 am hasta las [&hellip;]<\/p>\n","protected":false},"author":1,"featured_media":0,"parent":0,"menu_order":0,"comment_status":"closed","ping_status":"closed","template":"","meta":{"footnotes":""},"class_list":["post-2972","page","type-page","status-publish","hentry"],"yoast_head":"<!-- This site is optimized with the Yoast SEO Premium plugin v22.9 (Yoast SEO v27.3) - https:\/\/yoast.com\/product\/yoast-seo-premium-wordpress\/ -->\n<title>Reservaci\u00f3n - Hacienda Juanita<\/title>\n<meta name=\"robots\" content=\"index, follow, max-snippet:-1, max-image-preview:large, max-video-preview:-1\" \/>\n<link rel=\"canonical\" href=\"https:\/\/haciendajuanitapuertorico.com\/en\/reservacion\/\" \/>\n<meta property=\"og:locale\" content=\"en_US\" \/>\n<meta property=\"og:type\" content=\"article\" \/>\n<meta property=\"og:title\" content=\"Reservaci\u00f3n\" \/>\n<meta property=\"og:description\" content=\"Buscar Disponibilidad Informaci\u00f3n Importante Entrada Desde las 3:00 pm hasta las 5:00 pm. Los clientes deben mostrar un documento de identidad con fotograf\u00eda y una tarjeta de cr\u00e9dito en el momento de hacer el check-in. Tienes que decirle al alojamiento con antelaci\u00f3n a qu\u00e9 hora vas a llegar. Salida Desde las 8:00 am hasta las [&hellip;]\" \/>\n<meta property=\"og:url\" content=\"https:\/\/haciendajuanitapuertorico.com\/en\/reservacion\/\" \/>\n<meta property=\"og:site_name\" content=\"Hacienda Juanita\" \/>\n<meta property=\"article:publisher\" content=\"https:\/\/www.facebook.com\/haciendajuanita\" \/>\n<meta property=\"article:modified_time\" content=\"2025-06-06T20:29:19+00:00\" \/>\n<meta property=\"og:image\" content=\"https:\/\/haciendajuanitapuertorico.com\/wp-content\/uploads\/2025\/06\/431799297_791501119677748_7223601501243881809_n.jpg\" \/>\n\t<meta property=\"og:image:width\" content=\"1364\" \/>\n\t<meta property=\"og:image:height\" content=\"1364\" \/>\n\t<meta property=\"og:image:type\" content=\"image\/jpeg\" \/>\n<meta name=\"twitter:card\" content=\"summary_large_image\" \/>\n<meta name=\"twitter:label1\" content=\"Est. reading time\" \/>\n\t<meta name=\"twitter:data1\" content=\"1 minute\" \/>\n<script type=\"application\/ld+json\" class=\"yoast-schema-graph\">{\"@context\":\"https:\\\/\\\/schema.org\",\"@graph\":[{\"@type\":\"WebPage\",\"@id\":\"https:\\\/\\\/haciendajuanitapuertorico.com\\\/en\\\/reservacion\\\/\",\"url\":\"https:\\\/\\\/haciendajuanitapuertorico.com\\\/en\\\/reservacion\\\/\",\"name\":\"Reservaci\u00f3n - Hacienda Juanita\",\"isPartOf\":{\"@id\":\"https:\\\/\\\/haciendajuanitapuertorico.com\\\/#website\"},\"datePublished\":\"2019-05-25T06:42:19+00:00\",\"dateModified\":\"2025-06-06T20:29:19+00:00\",\"breadcrumb\":{\"@id\":\"https:\\\/\\\/haciendajuanitapuertorico.com\\\/en\\\/reservacion\\\/#breadcrumb\"},\"inLanguage\":\"en-US\",\"potentialAction\":[{\"@type\":\"ReadAction\",\"target\":[\"https:\\\/\\\/haciendajuanitapuertorico.com\\\/en\\\/reservacion\\\/\"]}]},{\"@type\":\"BreadcrumbList\",\"@id\":\"https:\\\/\\\/haciendajuanitapuertorico.com\\\/en\\\/reservacion\\\/#breadcrumb\",\"itemListElement\":[{\"@type\":\"ListItem\",\"position\":1,\"name\":\"Portada\",\"item\":\"https:\\\/\\\/haciendajuanitapuertorico.com\\\/\"},{\"@type\":\"ListItem\",\"position\":2,\"name\":\"Reservaci\u00f3n\"}]},{\"@type\":\"WebSite\",\"@id\":\"https:\\\/\\\/haciendajuanitapuertorico.com\\\/#website\",\"url\":\"https:\\\/\\\/haciendajuanitapuertorico.com\\\/\",\"name\":\"Hacienda Juanita\",\"description\":\"\",\"publisher\":{\"@id\":\"https:\\\/\\\/haciendajuanitapuertorico.com\\\/#organization\"},\"potentialAction\":[{\"@type\":\"SearchAction\",\"target\":{\"@type\":\"EntryPoint\",\"urlTemplate\":\"https:\\\/\\\/haciendajuanitapuertorico.com\\\/?s={search_term_string}\"},\"query-input\":{\"@type\":\"PropertyValueSpecification\",\"valueRequired\":true,\"valueName\":\"search_term_string\"}}],\"inLanguage\":\"en-US\"},{\"@type\":\"Organization\",\"@id\":\"https:\\\/\\\/haciendajuanitapuertorico.com\\\/#organization\",\"name\":\"Hacienda Juanita\",\"url\":\"https:\\\/\\\/haciendajuanitapuertorico.com\\\/\",\"logo\":{\"@type\":\"ImageObject\",\"inLanguage\":\"en-US\",\"@id\":\"https:\\\/\\\/haciendajuanitapuertorico.com\\\/#\\\/schema\\\/logo\\\/image\\\/\",\"url\":\"https:\\\/\\\/haciendajuanitapuertorico.com\\\/wp-content\\\/uploads\\\/2025\\\/06\\\/cropped-Logo_Hacienda_Juanita-removebg-1-scaled-1.png\",\"contentUrl\":\"https:\\\/\\\/haciendajuanitapuertorico.com\\\/wp-content\\\/uploads\\\/2025\\\/06\\\/cropped-Logo_Hacienda_Juanita-removebg-1-scaled-1.png\",\"width\":512,\"height\":512,\"caption\":\"Hacienda Juanita\"},\"image\":{\"@id\":\"https:\\\/\\\/haciendajuanitapuertorico.com\\\/#\\\/schema\\\/logo\\\/image\\\/\"},\"sameAs\":[\"https:\\\/\\\/www.facebook.com\\\/haciendajuanita\",\"https:\\\/\\\/www.instagram.com\\\/haciendajuanita\\\/\"]}]}<\/script>\n<!-- \/ Yoast SEO Premium plugin. -->","yoast_head_json":{"title":"Reservaci\u00f3n - Hacienda Juanita","robots":{"index":"index","follow":"follow","max-snippet":"max-snippet:-1","max-image-preview":"max-image-preview:large","max-video-preview":"max-video-preview:-1"},"canonical":"https:\/\/haciendajuanitapuertorico.com\/en\/reservacion\/","og_locale":"en_US","og_type":"article","og_title":"Reservaci\u00f3n","og_description":"Buscar Disponibilidad Informaci\u00f3n Importante Entrada Desde las 3:00 pm hasta las 5:00 pm. Los clientes deben mostrar un documento de identidad con fotograf\u00eda y una tarjeta de cr\u00e9dito en el momento de hacer el check-in. Tienes que decirle al alojamiento con antelaci\u00f3n a qu\u00e9 hora vas a llegar. Salida Desde las 8:00 am hasta las [&hellip;]","og_url":"https:\/\/haciendajuanitapuertorico.com\/en\/reservacion\/","og_site_name":"Hacienda Juanita","article_publisher":"https:\/\/www.facebook.com\/haciendajuanita","article_modified_time":"2025-06-06T20:29:19+00:00","og_image":[{"width":1364,"height":1364,"url":"https:\/\/haciendajuanitapuertorico.com\/wp-content\/uploads\/2025\/06\/431799297_791501119677748_7223601501243881809_n.jpg","type":"image\/jpeg"}],"twitter_card":"summary_large_image","twitter_misc":{"Est. reading time":"1 minute"},"schema":{"@context":"https:\/\/schema.org","@graph":[{"@type":"WebPage","@id":"https:\/\/haciendajuanitapuertorico.com\/en\/reservacion\/","url":"https:\/\/haciendajuanitapuertorico.com\/en\/reservacion\/","name":"Reservaci\u00f3n - Hacienda Juanita","isPartOf":{"@id":"https:\/\/haciendajuanitapuertorico.com\/#website"},"datePublished":"2019-05-25T06:42:19+00:00","dateModified":"2025-06-06T20:29:19+00:00","breadcrumb":{"@id":"https:\/\/haciendajuanitapuertorico.com\/en\/reservacion\/#breadcrumb"},"inLanguage":"en-US","potentialAction":[{"@type":"ReadAction","target":["https:\/\/haciendajuanitapuertorico.com\/en\/reservacion\/"]}]},{"@type":"BreadcrumbList","@id":"https:\/\/haciendajuanitapuertorico.com\/en\/reservacion\/#breadcrumb","itemListElement":[{"@type":"ListItem","position":1,"name":"Portada","item":"https:\/\/haciendajuanitapuertorico.com\/"},{"@type":"ListItem","position":2,"name":"Reservaci\u00f3n"}]},{"@type":"WebSite","@id":"https:\/\/haciendajuanitapuertorico.com\/#website","url":"https:\/\/haciendajuanitapuertorico.com\/","name":"Hacienda Juanita","description":"","publisher":{"@id":"https:\/\/haciendajuanitapuertorico.com\/#organization"},"potentialAction":[{"@type":"SearchAction","target":{"@type":"EntryPoint","urlTemplate":"https:\/\/haciendajuanitapuertorico.com\/?s={search_term_string}"},"query-input":{"@type":"PropertyValueSpecification","valueRequired":true,"valueName":"search_term_string"}}],"inLanguage":"en-US"},{"@type":"Organization","@id":"https:\/\/haciendajuanitapuertorico.com\/#organization","name":"Hacienda Juanita","url":"https:\/\/haciendajuanitapuertorico.com\/","logo":{"@type":"ImageObject","inLanguage":"en-US","@id":"https:\/\/haciendajuanitapuertorico.com\/#\/schema\/logo\/image\/","url":"https:\/\/haciendajuanitapuertorico.com\/wp-content\/uploads\/2025\/06\/cropped-Logo_Hacienda_Juanita-removebg-1-scaled-1.png","contentUrl":"https:\/\/haciendajuanitapuertorico.com\/wp-content\/uploads\/2025\/06\/cropped-Logo_Hacienda_Juanita-removebg-1-scaled-1.png","width":512,"height":512,"caption":"Hacienda Juanita"},"image":{"@id":"https:\/\/haciendajuanitapuertorico.com\/#\/schema\/logo\/image\/"},"sameAs":["https:\/\/www.facebook.com\/haciendajuanita","https:\/\/www.instagram.com\/haciendajuanita\/"]}]}},"_links":{"self":[{"href":"https:\/\/haciendajuanitapuertorico.com\/en\/wp-json\/wp\/v2\/pages\/2972","targetHints":{"allow":["GET"]}}],"collection":[{"href":"https:\/\/haciendajuanitapuertorico.com\/en\/wp-json\/wp\/v2\/pages"}],"about":[{"href":"https:\/\/haciendajuanitapuertorico.com\/en\/wp-json\/wp\/v2\/types\/page"}],"author":[{"embeddable":true,"href":"https:\/\/haciendajuanitapuertorico.com\/en\/wp-json\/wp\/v2\/users\/1"}],"replies":[{"embeddable":true,"href":"https:\/\/haciendajuanitapuertorico.com\/en\/wp-json\/wp\/v2\/comments?post=2972"}],"version-history":[{"count":16,"href":"https:\/\/haciendajuanitapuertorico.com\/en\/wp-json\/wp\/v2\/pages\/2972\/revisions"}],"predecessor-version":[{"id":3406,"href":"https:\/\/haciendajuanitapuertorico.com\/en\/wp-json\/wp\/v2\/pages\/2972\/revisions\/3406"}],"wp:attachment":[{"href":"https:\/\/haciendajuanitapuertorico.com\/en\/wp-json\/wp\/v2\/media?parent=2972"}],"curies":[{"name":"wp","href":"https:\/\/api.w.org\/{rel}","templated":true}]}}